{"id":26,"date":"2025-12-30T18:57:44","date_gmt":"2025-12-30T17:57:44","guid":{"rendered":"http:\/\/callmemellow.pl\/?page_id=26"},"modified":"2025-12-30T19:25:29","modified_gmt":"2025-12-30T18:25:29","slug":"home","status":"publish","type":"page","link":"https:\/\/callmemellow.pl\/","title":{"rendered":"home"},"content":{"rendered":"\n\t\t\t\t<p class=\"rs-p-wp-fix\"><\/p>\n\t\t\t\t<sr7-module data-alias=\"DJ-Website-Template-with-Scroll-Video\" data-id=\"1\" id=\"SR7_1_1\" class=\"rs-respect-topbar rs-ov-hidden\" data-version=\"6.7.40\">\n\t\t\t\t\t<sr7-adjuster><\/sr7-adjuster>\n\t\t\t\t\t<sr7-content>\n\t\t\t\t\t\t<sr7-slide id=\"SR7_1_1-1\" data-key=\"1\">\n\t\t\t\t\t\t\t<sr7-txt id=\"SR7_1_1-1-2\" class=\"sr7-layer\">MUZYCZNA CZ\u0104STKA MNIE<\/sr7-txt>\n\t\t\t\t\t\t\t<sr7-txt id=\"SR7_1_1-1-4\" class=\"sr7-layer\">Odwa\u017c si\u0119.<\/sr7-txt>\n\t\t\t\t\t\t\t<sr7-txt id=\"SR7_1_1-1-5\" class=\"sr7-layer\">MELLOW NA SPOTIFY<\/sr7-txt>\n\t\t\t\t\t\t\t<sr7-txt id=\"SR7_1_1-1-6\" class=\"sr7-layer\">2024<\/sr7-txt>\n\t\t\t\t\t\t\t<sr7-txt id=\"SR7_1_1-1-7\" class=\"sr7-layer\">2025<\/sr7-txt>\n\t\t\t\t\t\t\t<sr7-txt id=\"SR7_1_1-1-9\" class=\"sr7-layer\">CALL ME<br \/>\nMELLOW<\/sr7-txt>\n\t\t\t\t\t\t\t<sr7-txt id=\"SR7_1_1-1-10\" class=\"sr7-layer\">23 PA\u0179DZIERNIK<\/sr7-txt>\n\t\t\t\t\t\t\t<sr7-txt id=\"SR7_1_1-1-11\" class=\"sr7-layer\">08 MARZEC<\/sr7-txt>\n\t\t\t\t\t\t\t<a id=\"SR7_1_1-1-12\" class=\"sr7-layer\" href=\"https:\/\/open.spotify.com\/track\/7F3Qqx5Pxsa6d1BJvtWVFt\" target=\"_blank\" rel=\"noopener\">POS\u0141UCHAJ<\/a>\n\t\t\t\t\t\t\t<sr7-txt id=\"SR7_1_1-1-13\" class=\"sr7-layer\">ZABIERZ MNIE<\/sr7-txt>\n\t\t\t\t\t\t\t<sr7-txt id=\"SR7_1_1-1-15\" class=\"sr7-layer\">SKROLUJ ABY ZOBACZY\u0106 WI\u0118CEJ<\/sr7-txt>\n\t\t\t\t\t\t\t<sr7-txt id=\"SR7_1_1-1-17\" class=\"sr7-layer\">2025<\/sr7-txt>\n\t\t\t\t\t\t\t<sr7-txt id=\"SR7_1_1-1-18\" class=\"sr7-layer\">15 MARZEC<\/sr7-txt>\n\t\t\t\t\t\t\t<a id=\"SR7_1_1-1-19\" class=\"sr7-layer\" href=\"https:\/\/open.spotify.com\/track\/41zMOyHlCbufHxz9tWIOJv\" target=\"_blank\" rel=\"noopener\">POS\u0141UCHAJ<\/a>\n\t\t\t\t\t\t\t<a id=\"SR7_1_1-1-21\" class=\"sr7-layer\" href=\"https:\/\/www.youtube.com\/watch?v=ZJpj5BmHkBU\" target=\"_blank\" rel=\"noopener\">ZOBACZ<\/a>\n\t\t\t\t\t\t\t<sr7-txt id=\"SR7_1_1-1-22\" class=\"sr7-layer\">NOSTALGIA<\/sr7-txt>\n\t\t\t\t\t\t\t<sr7-txt id=\"SR7_1_1-1-24\" class=\"sr7-layer\">KALEJDOSKOP<\/sr7-txt>\n\t\t\t\t\t\t\t<sr7-txt id=\"SR7_1_1-1-26\" class=\"sr7-layer\">W codzienno\u015bci zapominamy o marzeniach. Czekamy zbyt d\u0142ugo...zawsze jest \"co\u015b\" wa\u017cniejszego. Z ka\u017cdym dniem coraz bardziej brakuje nam odwagi. Ja to zmieni\u0142am. Ty te\u017c mo\u017cesz. Pos\u0142uchaj.<\/sr7-txt>\n\t\t\t\t\t\t\t<a id=\"SR7_1_1-1-28\" class=\"sr7-layer\" href=\"https:\/\/open.spotify.com\/artist\/1vxtREJPPYA6ekTgH630h5\" target=\"_blank\" rel=\"noopener\"><i class=\"fa-spotify\"><\/i><\/a>\n\t\t\t\t\t\t\t<a id=\"SR7_1_1-1-30\" class=\"sr7-layer\" href=\"https:\/\/www.youtube.com\/@call_me_mellow\" target=\"_blank\" rel=\"noopener\"><i class=\"fa-youtube-play\"><\/i><\/a>\n\t\t\t\t\t\t\t<a id=\"SR7_1_1-1-31\" class=\"sr7-layer\" href=\"https:\/\/www.instagram.com\/_callmemellow?igsh=MXZ5YjJreXA0dTBnNg==\" target=\"_blank\" rel=\"noopener\"><i class=\"fa-instagram\"><\/i><\/a>\n\t\t\t\t\t\t\t<a id=\"SR7_1_1-1-32\" class=\"sr7-layer\" href=\"#\" target=\"_blank\" rel=\"noopener\">kontakt@callmemellow.pl<\/a>\n\t\t\t\t\t\t\t<sr7-txt id=\"SR7_1_1-1-33\" class=\"sr7-layer\"><span><\/span><span><\/span><span><\/span><\/sr7-txt>\n\t\t\t\t\t\t\t<sr7-txt id=\"SR7_1_1-1-39\" class=\"sr7-layer\">2025<\/sr7-txt>\n\t\t\t\t\t\t\t<sr7-txt id=\"SR7_1_1-1-40\" class=\"sr7-layer\">01 KWIECIE\u0143<\/sr7-txt>\n\t\t\t\t\t\t\t<a id=\"SR7_1_1-1-41\" class=\"sr7-layer\" href=\"https:\/\/open.spotify.com\/track\/4uSxR9hJ5vrX4TeHvbSmzC\" target=\"_blank\" rel=\"noopener\">POS\u0141UCHAJ<\/a>\n\t\t\t\t\t\t\t<sr7-txt id=\"SR7_1_1-1-42\" class=\"sr7-layer\">MALUJ MNIE<\/sr7-txt>\n\t\t\t\t\t\t<\/sr7-slide>\n\t\t\t\t\t\t<sr7-slide id=\"SR7_1_1-2\" data-key=\"2\">\n\t\t\t\t\t\t<\/sr7-slide>\n\t\t\t\t\t<\/sr7-content>\n\t\t\t\t<\/sr7-module>\n\t\t\t\t<script>\n\t\t\t\t\tSR7.PMH ??={}; SR7.PMH[\"SR7_1_1\"] = {cn:100,state:false,fn: function() { if (_tpt!==undefined && _tpt.prepareModuleHeight !== undefined) {  _tpt.prepareModuleHeight({id:\"SR7_1_1\",el:[800,800,768,960,720],type:'hero',shdw:'0',slideduration:'13000ms',gh:[800,800,768,960,720],gw:[1240,1240,1024,778,480],vpt:['-100px&#039;,&#039;-100px&#039;,&#039;-100px&#039;,&#039;-100px&#039;,&#039;-100px'],size:{fullWidth:true, fullHeight:true},fho:'#masthead,',mh:'0',sbt:{use:true},onh:0,onw:0,bg:{color:'{\"type\":\"solid\",\"orig\":\"#000000\",\"string\":\"rgba(0, 0, 0, 1)\"}'}});   SR7.PMH[\"SR7_1_1\"].state=true;} else if(SR7.PMH[\"SR7_1_1\"].cn-->0)\tsetTimeout( SR7.PMH[\"SR7_1_1\"].fn,19);}};SR7.PMH[\"SR7_1_1\" ].fn();\n\t\t\t\t<\/script>\n\n","protected":false},"excerpt":{"rendered":"","protected":false},"author":1,"featured_media":0,"parent":0,"menu_order":0,"comment_status":"closed","ping_status":"closed","template":"..\/public\/views\/revslider-page-template.php","meta":{"_acf_changed":false,"footnotes":""},"class_list":["post-26","page","type-page","status-publish","hentry"],"acf":{"full_width":false,"header_transparent":false},"_links":{"self":[{"href":"https:\/\/callmemellow.pl\/index.php\/wp-json\/wp\/v2\/pages\/26","targetHints":{"allow":["GET"]}}],"collection":[{"href":"https:\/\/callmemellow.pl\/index.php\/wp-json\/wp\/v2\/pages"}],"about":[{"href":"https:\/\/callmemellow.pl\/index.php\/wp-json\/wp\/v2\/types\/page"}],"author":[{"embeddable":true,"href":"https:\/\/callmemellow.pl\/index.php\/wp-json\/wp\/v2\/users\/1"}],"replies":[{"embeddable":true,"href":"https:\/\/callmemellow.pl\/index.php\/wp-json\/wp\/v2\/comments?post=26"}],"version-history":[{"count":2,"href":"https:\/\/callmemellow.pl\/index.php\/wp-json\/wp\/v2\/pages\/26\/revisions"}],"predecessor-version":[{"id":29,"href":"https:\/\/callmemellow.pl\/index.php\/wp-json\/wp\/v2\/pages\/26\/revisions\/29"}],"wp:attachment":[{"href":"https:\/\/callmemellow.pl\/index.php\/wp-json\/wp\/v2\/media?parent=26"}],"curies":[{"name":"wp","href":"https:\/\/api.w.org\/{rel}","templated":true}]}}